{"id":7,"date":"2023-03-29T20:54:53","date_gmt":"2023-03-29T20:54:53","guid":{"rendered":"https:\/\/psychotherapie-kurta.at\/?page_id=7"},"modified":"2026-04-12T12:07:47","modified_gmt":"2026-04-12T12:07:47","slug":"home","status":"publish","type":"page","link":"https:\/\/psychotherapie-kurta.at\/","title":{"rendered":"Home"},"content":{"rendered":"\n<div class=\"wp-block-columns is-layout-flex wp-container-core-columns-is-layout-9d6595d7 wp-block-columns-is-layout-flex\">\n<div class=\"wp-block-column is-layout-flow wp-block-column-is-layout-flow\" style=\"flex-basis:100%\">\n<figure class=\"wp-block-image size-large\"><img loading=\"lazy\" decoding=\"async\" width=\"1024\" height=\"682\" src=\"https:\/\/psychotherapie-kurta.at\/wp-content\/uploads\/2023\/04\/beautiful-green-tree-and-sunlight-flare-under-tree-2022-09-27-22-43-04-utc_KLEIN-1024x682.png\" alt=\"\" class=\"wp-image-121\" style=\"aspect-ratio:1.7777777777777777;object-fit:contain\" srcset=\"https:\/\/psychotherapie-kurta.at\/wp-content\/uploads\/2023\/04\/beautiful-green-tree-and-sunlight-flare-under-tree-2022-09-27-22-43-04-utc_KLEIN-1024x682.png 1024w, https:\/\/psychotherapie-kurta.at\/wp-content\/uploads\/2023\/04\/beautiful-green-tree-and-sunlight-flare-under-tree-2022-09-27-22-43-04-utc_KLEIN-300x200.png 300w, https:\/\/psychotherapie-kurta.at\/wp-content\/uploads\/2023\/04\/beautiful-green-tree-and-sunlight-flare-under-tree-2022-09-27-22-43-04-utc_KLEIN-768x512.png 768w, https:\/\/psychotherapie-kurta.at\/wp-content\/uploads\/2023\/04\/beautiful-green-tree-and-sunlight-flare-under-tree-2022-09-27-22-43-04-utc_KLEIN-1536x1023.png 1536w, https:\/\/psychotherapie-kurta.at\/wp-content\/uploads\/2023\/04\/beautiful-green-tree-and-sunlight-flare-under-tree-2022-09-27-22-43-04-utc_KLEIN-930x620.png 930w, https:\/\/psychotherapie-kurta.at\/wp-content\/uploads\/2023\/04\/beautiful-green-tree-and-sunlight-flare-under-tree-2022-09-27-22-43-04-utc_KLEIN.png 1600w\" sizes=\"auto, (max-width: 1024px) 100vw, 1024px\" \/><\/figure>\n<\/div>\n<\/div>\n\n\n\n<div class=\"wp-block-cover alignfull\" style=\"min-height:660px;aspect-ratio:unset;\" id=\"home\"><span aria-hidden=\"true\" class=\"wp-block-cover__background has-nv-site-bg-background-color has-background-dim-0 has-background-dim\"><\/span><div class=\"wp-block-cover__inner-container is-layout-flow wp-block-cover-is-layout-flow\">\n<div class=\"wp-block-group\"><div class=\"wp-block-group__inner-container is-layout-flow wp-block-group-is-layout-flow\">\n<div style=\"height:0px\" aria-hidden=\"true\" class=\"wp-block-spacer\"><\/div>\n\n\n\n<div class=\"wp-block-columns are-vertically-aligned-center is-layout-flex wp-container-core-columns-is-layout-9d6595d7 wp-block-columns-is-layout-flex\">\n<div class=\"wp-block-column is-vertically-aligned-center is-layout-flow wp-block-column-is-layout-flow\" style=\"flex-basis:50%\">\n<p class=\"has-nv-c-2-color has-text-color\"><br>Es gibt im Leben Phasen, in denen wir das innere Gleichgewicht verlieren \u2013 in uns selbst, in Beziehungen oder im beruflichen Alltag. Nicht immer gelingt es, aus eigener Kraft den Weg zur\u00fcck zu Klarheit und innerer St\u00e4rke zu finden. In solchen Zeiten kann Psychotherapie helfen, innezuhalten, Belastendes zu sortieren und neue Sichtweisen zu entwickeln.<\/p>\n\n\n\n<p class=\"has-nv-c-2-color has-text-color has-link-color wp-elements-675d64274d9682d8fcf3aa0f8d78aaba\">In meiner Praxis begleite ich Sie mit Empathie, Achtsamkeit und einer wertsch\u00e4tzenden, systemischen Haltung. Dabei richte ich den Blick auf Ihre individuellen Muster, Beziehungen und Ressourcen, damit Raum f\u00fcr Entwicklung und Ver\u00e4nderung entstehen kann.<\/p>\n\n\n\n<div class=\"wp-block-buttons is-content-justification-left is-layout-flex wp-container-core-buttons-is-layout-fdcfc74e wp-block-buttons-is-layout-flex\">\n<div class=\"wp-block-button is-style-primary\"><a class=\"wp-block-button__link wp-element-button\" href=\"#aboutme\">MEHR ERFAHREN<\/a><\/div>\n<\/div>\n\n\n\n<div style=\"height:40px\" aria-hidden=\"true\" class=\"wp-block-spacer\"><\/div>\n<\/div>\n\n\n\n<div class=\"wp-block-column is-vertically-aligned-center is-layout-flow wp-block-column-is-layout-flow\" style=\"flex-basis:50%\">\n<figure class=\"wp-block-image size-large is-resized\"><img loading=\"lazy\" decoding=\"async\" width=\"683\" height=\"1024\" src=\"https:\/\/psychotherapie-kurta.at\/wp-content\/uploads\/2023\/04\/9-Michaela_Kurta_Webaufloesung03-683x1024.jpg\" alt=\"\" class=\"wp-image-109\" style=\"width:342px;height:512px\" srcset=\"https:\/\/psychotherapie-kurta.at\/wp-content\/uploads\/2023\/04\/9-Michaela_Kurta_Webaufloesung03-683x1024.jpg 683w, https:\/\/psychotherapie-kurta.at\/wp-content\/uploads\/2023\/04\/9-Michaela_Kurta_Webaufloesung03-200x300.jpg 200w, https:\/\/psychotherapie-kurta.at\/wp-content\/uploads\/2023\/04\/9-Michaela_Kurta_Webaufloesung03-768x1152.jpg 768w, https:\/\/psychotherapie-kurta.at\/wp-content\/uploads\/2023\/04\/9-Michaela_Kurta_Webaufloesung03-1024x1536.jpg 1024w, https:\/\/psychotherapie-kurta.at\/wp-content\/uploads\/2023\/04\/9-Michaela_Kurta_Webaufloesung03.jpg 1365w\" sizes=\"auto, (max-width: 683px) 100vw, 683px\" \/><\/figure>\n<\/div>\n<\/div>\n\n\n\n<div style=\"height:40px\" aria-hidden=\"true\" class=\"wp-block-spacer\"><\/div>\n<\/div><\/div>\n<\/div><\/div>\n\n\n\n<div class=\"wp-block-cover alignfull\" style=\"min-height:600px;aspect-ratio:unset;\" id=\"aboutme\"><span aria-hidden=\"true\" class=\"wp-block-cover__background has-nv-light-bg-background-color has-background-dim-100 has-background-dim\"><\/span><div class=\"wp-block-cover__inner-container is-layout-flow wp-block-cover-is-layout-flow\">\n<div class=\"wp-block-group\"><div class=\"wp-block-group__inner-container is-layout-flow wp-block-group-is-layout-flow\">\n<div style=\"height:49px\" aria-hidden=\"true\" class=\"wp-block-spacer\"><\/div>\n\n\n\n<div class=\"wp-block-columns are-vertically-aligned-center is-layout-flex wp-container-core-columns-is-layout-9d6595d7 wp-block-columns-is-layout-flex\">\n<div class=\"wp-block-column is-vertically-aligned-center has-nv-dark-bg-color has-text-color is-layout-flow wp-block-column-is-layout-flow\" style=\"flex-basis:50%\">\n<h2 class=\"wp-block-heading has-text-align-left has-nv-site-bg-color has-text-color\">Mein Angebot<\/h2>\n\n\n\n<p class=\"has-nv-c-2-color has-text-color\">In der Psychotherapie, Paar- und Familientherapie sowie im Coaching begleite ich Sie \u2013 einzeln oder gemeinsam mit Ihrem Partner oder Ihrer Familie \u2013 bei der Auseinandersetzung mit Ihren pers\u00f6nlichen Herausforderungen.<\/p>\n\n\n\n<p class=\"has-nv-c-2-color has-text-color\">Im Mittelpunkt steht dabei eine vertrauensvolle und wertsch\u00e4tzende Atmosph\u00e4re, die es Ihnen erm\u00f6glicht, sich sicher zu f\u00fchlen und neue Perspektiven zu entwickeln.<\/p>\n\n\n\n<p class=\"has-nv-c-2-color has-text-color\"><\/p>\n<\/div>\n\n\n\n<div class=\"wp-block-column has-nv-dark-bg-color has-text-color is-layout-flow wp-block-column-is-layout-flow\" style=\"flex-basis:50%\">\n<h2 class=\"wp-block-heading has-nv-site-bg-color has-text-color\">Meine Erfahrung<\/h2>\n\n\n\n<h3 class=\"wp-block-heading has-nv-site-bg-color has-text-color\">Ausbildungen:<\/h3>\n\n\n\n<ul class=\"wp-block-list has-nv-c-2-color has-text-color\">\n<li>Fachspezifikum Systemische Familientherapie, \u00d6AS, Wien<\/li>\n\n\n\n<li>Psychotherapeutisches Prop\u00e4deutikum, \u00d6AGG-Akademie, Wien<\/li>\n\n\n\n<li>Curriculum Klinische- und Gesundheitspsychologie, Berufsverband \u00d6sterreichischer PsychologInnen (B\u00d6P), Wien<\/li>\n\n\n\n<li>Studium der Psychologie, Universit\u00e4t Wien<\/li>\n<\/ul>\n<\/div>\n<\/div>\n<\/div><\/div>\n\n\n\n<div class=\"wp-block-columns is-layout-flex wp-container-core-columns-is-layout-9d6595d7 wp-block-columns-is-layout-flex\">\n<div class=\"wp-block-column is-layout-flow wp-block-column-is-layout-flow\">\n<div class=\"wp-block-buttons is-layout-flex wp-block-buttons-is-layout-flex\">\n<div class=\"wp-block-button is-style-secondary\"><a class=\"wp-block-button__link has-nv-site-bg-color has-text-color wp-element-button\" href=\"https:\/\/psychotherapie-kurta.at\/?page_id=134\">Mehr zu meinem Angebot<\/a><\/div>\n<\/div>\n<\/div>\n\n\n\n<div class=\"wp-block-column is-layout-flow wp-block-column-is-layout-flow\"><\/div>\n<\/div>\n<\/div><\/div>\n\n\n\n<div style=\"height:50px\" aria-hidden=\"true\" class=\"wp-block-spacer\"><\/div>\n\n\n\n<div class=\"wp-block-columns is-layout-flex wp-container-core-columns-is-layout-9d6595d7 wp-block-columns-is-layout-flex\" id=\"contact\">\n<div class=\"wp-block-column is-layout-flow wp-block-column-is-layout-flow\" style=\"flex-basis:66.66%\">\n<h2 class=\"wp-block-heading has-neve-text-color-color has-text-color\">Kontakt<\/h2>\n\n\n\n<p class=\"has-neve-text-color-color has-text-color\">Mag.a Michaela Kurta<\/p>\n\n\n\n<p class=\"has-neve-text-color-color has-text-color\">Klinische- und Gesundheitspsychologin<br>Psychotherapeutin (systemische Familientherapie)<br>+43 670 6577005<br>mail@psychotherapie-kurta.at<br><\/p>\n\n\n<style id=\"wpforms-css-vars-root\">\n\t\t\t\t:root {\n\t\t\t\t\t--wpforms-field-border-radius: 3px;\n--wpforms-field-background-color: #ffffff;\n--wpforms-field-border-color: rgba( 0, 0, 0, 0.25 );\n--wpforms-field-text-color: rgba( 0, 0, 0, 0.7 );\n--wpforms-label-color: rgba( 0, 0, 0, 0.85 );\n--wpforms-label-sublabel-color: rgba( 0, 0, 0, 0.55 );\n--wpforms-label-error-color: #d63637;\n--wpforms-button-border-radius: 3px;\n--wpforms-button-background-color: #066aab;\n--wpforms-button-text-color: #ffffff;\n--wpforms-field-size-input-height: 43px;\n--wpforms-field-size-input-spacing: 15px;\n--wpforms-field-size-font-size: 16px;\n--wpforms-field-size-line-height: 19px;\n--wpforms-field-size-padding-h: 14px;\n--wpforms-field-size-checkbox-size: 16px;\n--wpforms-field-size-sublabel-spacing: 5px;\n--wpforms-field-size-icon-size: 1;\n--wpforms-label-size-font-size: 16px;\n--wpforms-label-size-line-height: 19px;\n--wpforms-label-size-sublabel-font-size: 14px;\n--wpforms-label-size-sublabel-line-height: 17px;\n--wpforms-button-size-font-size: 17px;\n--wpforms-button-size-height: 41px;\n--wpforms-button-size-padding-h: 15px;\n--wpforms-button-size-margin-top: 10px;\n\n\t\t\t\t}\n\t\t\t<\/style><style id=\"wpforms-css-vars-98-block-b86cdd6a-0d90-48dd-b13b-aab8a1d10b26\">\n\t\t\t\t#wpforms-98.wpforms-block-b86cdd6a-0d90-48dd-b13b-aab8a1d10b26 {\n\t\t\t\t\t--wpforms-field-border-radius: 2px;\n--wpforms-field-border-color: var(--nv-light-bg);\n--wpforms-field-text-color: var(--nv-text-color);\n--wpforms-label-color: var(--nv-secondary-accent);\n--wpforms-button-background-color: var(--nv-primary-accent);\n\n\t\t\t\t}\n\t\t\t<\/style><div class=\"wpforms-container wpforms-container-full wpforms-block wpforms-block-b86cdd6a-0d90-48dd-b13b-aab8a1d10b26 wpforms-render-modern\" id=\"wpforms-98\"><form id=\"wpforms-form-98\" class=\"wpforms-validate wpforms-form wpforms-ajax-form\" data-formid=\"98\" method=\"post\" enctype=\"multipart\/form-data\" action=\"\/index.php?rest_route=%2Fwp%2Fv2%2Fpages%2F7\" data-token=\"d0a82120781ceb29fd5c88fdf02eba7b\"><noscript class=\"wpforms-error-noscript\">Please enable JavaScript in your browser to complete this form.<\/noscript><div class=\"wpforms-hidden\" id=\"wpforms-error-noscript\">Please enable JavaScript in your browser to complete this form.<\/div><div class=\"wpforms-field-container\"><div id=\"wpforms-98-field_0-container\" class=\"wpforms-field wpforms-field-name\" data-field-id=\"0\"><label class=\"wpforms-field-label wpforms-label-hide\" for=\"wpforms-98-field_0\" aria-hidden=\"false\">Name <span class=\"wpforms-required-label\" aria-hidden=\"true\">*<\/span><\/label><input type=\"text\" id=\"wpforms-98-field_0\" class=\"wpforms-field-medium wpforms-field-required\" name=\"wpforms[fields][0]\" placeholder=\"Name\" aria-errormessage=\"wpforms-98-field_0-error\" required><\/div><div id=\"wpforms-98-field_1-container\" class=\"wpforms-field wpforms-field-email\" data-field-id=\"1\"><label class=\"wpforms-field-label wpforms-label-hide\" for=\"wpforms-98-field_1\" aria-hidden=\"false\">E-Mail Adresse <span class=\"wpforms-required-label\" aria-hidden=\"true\">*<\/span><\/label><input type=\"email\" id=\"wpforms-98-field_1\" class=\"wpforms-field-medium wpforms-field-required\" name=\"wpforms[fields][1]\" placeholder=\"E-Mail Adresse\" spellcheck=\"false\" aria-errormessage=\"wpforms-98-field_1-error\" required><\/div><div id=\"wpforms-98-field_3-container\" class=\"wpforms-field wpforms-field-text\" data-field-id=\"3\"><label class=\"wpforms-field-label wpforms-label-hide\" for=\"wpforms-98-field_3\" aria-hidden=\"false\">Telefon<\/label><input type=\"text\" id=\"wpforms-98-field_3\" class=\"wpforms-field-medium\" name=\"wpforms[fields][3]\" placeholder=\"Telefon\" aria-errormessage=\"wpforms-98-field_3-error\" ><\/div><div id=\"wpforms-98-field_2-container\" class=\"wpforms-field wpforms-field-textarea\" data-field-id=\"2\"><label class=\"wpforms-field-label wpforms-label-hide\" for=\"wpforms-98-field_2\" aria-hidden=\"false\">Nachricht<\/label><textarea id=\"wpforms-98-field_2\" class=\"wpforms-field-medium\" name=\"wpforms[fields][2]\" placeholder=\"Geben Sie hier Ihre Nachricht ein\" aria-errormessage=\"wpforms-98-field_2-error\" ><\/textarea><\/div><\/div><!-- .wpforms-field-container --><div class=\"wpforms-submit-container\" ><input type=\"hidden\" name=\"wpforms[id]\" value=\"98\"><input type=\"hidden\" name=\"wpforms[author]\" value=\"1\"><button type=\"submit\" name=\"wpforms[submit]\" id=\"wpforms-submit-98\" class=\"wpforms-submit\" data-alt-text=\"Senden...\" data-submit-text=\"Absenden\" aria-live=\"assertive\" value=\"wpforms-submit\">Absenden<\/button><img loading=\"lazy\" decoding=\"async\" src=\"https:\/\/psychotherapie-kurta.at\/wp-content\/plugins\/wpforms-lite\/assets\/images\/submit-spin.svg\" class=\"wpforms-submit-spinner\" style=\"display: none;\" width=\"26\" height=\"26\" alt=\"Loading\"><\/div><\/form><\/div>  <!-- .wpforms-container --><\/div>\n\n\n\n<div class=\"wp-block-column is-layout-flow wp-block-column-is-layout-flow\" style=\"flex-basis:33.33%\"><\/div>\n<\/div>\n\n\n\n<p><\/p>\n","protected":false},"excerpt":{"rendered":"<p>Kontakt Mag.a Michaela Kurta Klinische- und GesundheitspsychologinPsychotherapeutin (systemische Familientherapie)+43 670 6577005mail@psychotherapie-kurta.at<\/p>\n","protected":false},"author":1,"featured_media":121,"parent":0,"menu_order":0,"comment_status":"closed","ping_status":"closed","template":"","meta":{"neve_meta_sidebar":"","neve_meta_container":"","neve_meta_enable_content_width":"on","neve_meta_content_width":100,"neve_meta_title_alignment":"","neve_meta_author_avatar":"","neve_post_elements_order":"","neve_meta_disable_header":"","neve_meta_disable_footer":"","neve_meta_disable_title":"on","footnotes":""},"class_list":["post-7","page","type-page","status-publish","has-post-thumbnail","hentry"],"_links":{"self":[{"href":"https:\/\/psychotherapie-kurta.at\/index.php?rest_route=\/wp\/v2\/pages\/7","targetHints":{"allow":["GET"]}}],"collection":[{"href":"https:\/\/psychotherapie-kurta.at\/index.php?rest_route=\/wp\/v2\/pages"}],"about":[{"href":"https:\/\/psychotherapie-kurta.at\/index.php?rest_route=\/wp\/v2\/types\/page"}],"author":[{"embeddable":true,"href":"https:\/\/psychotherapie-kurta.at\/index.php?rest_route=\/wp\/v2\/users\/1"}],"replies":[{"embeddable":true,"href":"https:\/\/psychotherapie-kurta.at\/index.php?rest_route=%2Fwp%2Fv2%2Fcomments&post=7"}],"version-history":[{"count":94,"href":"https:\/\/psychotherapie-kurta.at\/index.php?rest_route=\/wp\/v2\/pages\/7\/revisions"}],"predecessor-version":[{"id":295,"href":"https:\/\/psychotherapie-kurta.at\/index.php?rest_route=\/wp\/v2\/pages\/7\/revisions\/295"}],"wp:featuredmedia":[{"embeddable":true,"href":"https:\/\/psychotherapie-kurta.at\/index.php?rest_route=\/wp\/v2\/media\/121"}],"wp:attachment":[{"href":"https:\/\/psychotherapie-kurta.at\/index.php?rest_route=%2Fwp%2Fv2%2Fmedia&parent=7"}],"curies":[{"name":"wp","href":"https:\/\/api.w.org\/{rel}","templated":true}]}}